{"id":6838,"date":"2024-08-08T12:00:00","date_gmt":"2024-08-08T09:00:00","guid":{"rendered":"https:\/\/testcem.com\/%e3%83%87%e3%83%a2%e3%82%92%e4%ba%88%e7%b4%84%e3%81%99%e3%82%8b\/"},"modified":"2024-09-09T18:36:42","modified_gmt":"2024-09-09T15:36:42","slug":"%e3%83%87%e3%83%a2%e3%82%92%e4%ba%88%e7%b4%84%e3%81%99%e3%82%8b","status":"publish","type":"page","link":"https:\/\/promanage.com\/ja\/%e3%83%87%e3%83%a2%e3%82%92%e4%ba%88%e7%b4%84%e3%81%99%e3%82%8b\/","title":{"rendered":"\u30c7\u30e2\u3092\u4e88\u7d04\u3059\u308b"},"content":{"rendered":"<p>[vc_row][vc_column width=&#8221;1\/2&#8243;]<div class=\"qodef-section-title-holder  qodef-st-standard qodef-st-title-left qodef-st-normal-space \" >\n\t<div class=\"qodef-st-inner\">\n\t\t\t\t\t\t\t<h2 class=\"qodef-st-title\" style=\"font-size: 45px\">\n\t\t\t\t\u30c7\u30e2\u306e\u30b9\u30b1\u30b8\u30e5\u30fc\u30eb\t\t\t<\/h2>\n\t\t\t\t\t<\/div>\n<\/div>[vc_empty_space height=&#8221;22px&#8221;][vc_column_text]ProManage \u306e\u5c02\u9580\u5bb6\u304c\u304a\u5ba2\u69d8\u306e\u8cea\u554f\u306b\u56de\u7b54\u3057\u3001\u30e9\u30a4\u30d6 \u30c7\u30e2\u30f3\u30b9\u30c8\u30ec\u30fc\u30b7\u30e7\u30f3\u3067\u30d7\u30e9\u30c3\u30c8\u30d5\u30a9\u30fc\u30e0\u306b\u95a2\u3059\u308b\u8a73\u7d30\u60c5\u5831\u3092\u63d0\u4f9b\u3057\u307e\u3059\u3002\u5f53\u793e\u306e\u30d7\u30e9\u30c3\u30c8\u30d5\u30a9\u30fc\u30e0\u306b\u95a2\u3059\u308b\u8a73\u7d30\u60c5\u5831\u3092\u5165\u624b\u3059\u308b\u306b\u306f\u3001\u30d5\u30a9\u30fc\u30e0\u306b\u3054\u8a18\u5165\u304f\u3060\u3055\u3044\u3002\u3059\u3050\u306b\u3054\u9023\u7d61\u3044\u305f\u3057\u307e\u3059\u3002[\/vc_column_text][vc_empty_space height=&#8221;40px&#8221;][vc_single_image image=&#8221;6393&#8243; img_size=&#8221;full&#8221;][\/vc_column][vc_column width=&#8221;1\/2&#8243;][vc_raw_html]JTNDYSUyMG5hbWUlM0QlMjJmb3JtOTU0MzIxMTU4JTIyJTIwaWQlM0QlMjJmb3JtQW5jaG9yOTU0MzIxMTU4JTIyJTNFJTNDJTJGYSUzRSUwQSUzQ3NjcmlwdCUyMHNyYyUzRCUyMmh0dHBzJTNBJTJGJTJGZnMyNi5mb3Jtc2l0ZS5jb20lMkZpbmNsdWRlJTJGZm9ybSUyRmVtYmVkTWFuYWdlci5qcyUzRjk1NDMyMTE1OCUyMiUzRSUzQyUyRnNjcmlwdCUzRSUwQSUzQ3NjcmlwdCUzRSUwQUVtYmVkTWFuYWdlci5lbWJlZCUyOCU3QiUwQSUwOWtleSUzQSUyMCUyMmh0dHBzJTNBJTJGJTJGZnMyNi5mb3Jtc2l0ZS5jb20lMkZyZXMlMkZzaG93Rm9ybUVtYmVkJTNGRVBhcmFtJTNEbV9PbUs4YXBPVEQxcnNRQTdqMzdydnBkdUR4YnYxeUU2aTVGMldkdms5MCUyNjk1NDMyMTE1OCUyMiUyQyUwQSUwOXdpZHRoJTNBJTIwJTIyMTAwJTI1JTIyJTBBJTdEJTI5JTNCJTBBJTNDJTJGc2NyaXB0JTNFJTBB[\/vc_raw_html][\/vc_column][\/vc_row][vc_row css=&#8221;.vc_custom_1725896199615{margin-top: 50px !important;padding-top: 120px !important;padding-bottom: 121px !important;}&#8221; simple_background_color=&#8221;#eff0f3&#8243; el_class=&#8221;testi-fs&#8221;][vc_column]<div class=\"qodef-testimonials-holder clearfix qodef-testimonials-boxed \">\n    <div class=\"qodef-testimonials qodef-owl-slider\" data-number-of-items=\"2\" data-enable-loop=\"yes\" data-enable-autoplay=\"yes\" data-slider-speed=\"5000\" data-slider-speed-animation=\"600\" data-enable-navigation=\"no\" data-enable-pagination=\"yes\" data-slider-margin=\"10\">\n\n        \n                <div class=\"qodef-testimonial-content\" id=\"qodef-testimonials-6372\" style=\"background-color: #ffffff\">\n                    <div class=\"qodef-testimonial-text-holder\">\n                                                    <p class=\"qodef-testimonial-text\">\u5f53\u793e\u306f\u3001Eczac\u0131ba\u015f\u0131 - Lincoln Electric \/ Askaynak \u3068\u3057\u3066\u300110 \u5e74\u9593 ProManage \u30bd\u30d5\u30c8\u30a6\u30a7\u30a2\u3092\u4f7f\u7528\u3057\u3066\u3044\u307e\u3059\u3002\u307e\u305a\u3001\u88fd\u54c1\u306e\u30c8\u30ec\u30fc\u30b5\u30d3\u30ea\u30c6\u30a3\u3092\u5411\u4e0a\u3055\u305b\u308b\u5fc5\u8981\u304c\u3042\u3063\u305f\u305f\u3081\u3001ProManage \u3068\u51fa\u4f1a\u3044\u307e\u3057\u305f\u3002\u540c\u793e\u304c\u63d0\u4f9b\u3059\u308b\u30bd\u30ea\u30e5\u30fc\u30b7\u30e7\u30f3\u306f\u3001\u5f53\u793e\u306e\u8981\u6c42\u3092\u5b8c\u5168\u306b\u6e80\u305f\u3057\u3066\u3044\u307e\u3057\u305f\u3002<\/p>\n                                                                            <div class=\"qodef-testimonials-author-holder clearfix\">\n                                                                    <div class=\"qodef-testimonial-image\">\n                                        <img width=\"80\" height=\"80\" src=\"https:\/\/promanage.com\/wp-content\/uploads\/2024\/06\/Eczacibasi-s.png\" class=\"attachment-80x80 size-80x80 wp-post-image\" alt=\"\" loading=\"lazy\" \/>                                    <\/div>\n                                                                <div class=\"qodef-testimonials-author-text-holder\">\n                                                                            <h5 class=\"qodef-testimonial-author\">\n                                            <span class=\"qodef-testimonials-author-name\">Eser Yalcin<\/span>\n                                        <\/h5>\n                                                                                                                <h5 class=\"qodef-testimonial-author-job\">\n                                            <span class=\"qodef-testimonials-author-job-name\">\u5236\u4f5c\u30b9\u30da\u30b7\u30e3\u30ea\u30b9\u30c8<\/span>\n                                        <\/h5>\n                                                                    <\/div>\n                            <\/div>\n                                            <\/div>\n                <\/div>\n\n        \n                <div class=\"qodef-testimonial-content\" id=\"qodef-testimonials-6374\" style=\"background-color: #ffffff\">\n                    <div class=\"qodef-testimonial-text-holder\">\n                                                    <p class=\"qodef-testimonial-text\">\u6700\u3082\u30d7\u30ed\u30d5\u30a7\u30c3\u30b7\u30e7\u30ca\u30eb\u306a\u30c1\u30fc\u30e0\u3068\u30bd\u30d5\u30c8\u30a6\u30a7\u30a2\u3092\u6c7a\u5b9a\u3059\u308b\u305f\u3081\u306b\u3001\u5730\u7406\u3068\u56fd\u306e\u72b6\u6cc1\u306b\u3064\u3044\u3066 3 \u56de\u306e\u8abf\u67fb\u3092\u884c\u3044\u307e\u3057\u305f\u3002ProManage \u306e\u30d7\u30ed\u30d5\u30a7\u30c3\u30b7\u30e7\u30ca\u30eb \u30b9\u30bf\u30c3\u30d5\u306f\u3001\u512a\u308c\u305f\u5354\u529b\u4f53\u5236\u3067\u3001\u3059\u3050\u306b\u30b7\u30b9\u30c6\u30e0\u306b\u6163\u308c\u307e\u3057\u305f\u3002\u6700\u521d\u306e 1 \u5e74\u9593\u3067\u3001\u30a4\u30f3\u30b9\u30c8\u30fc\u30eb\u5f8c\u306e\u624b\u52d5\u30d5\u30a9\u30ed\u30fc\u30a2\u30c3\u30d7\u3001\u983b\u7e41\u306a\u30c8\u30ec\u30fc\u30cb\u30f3\u30b0\u3068\u5206\u6790\u306b\u3088\u308a\u3001OEE\u3001TEEP\u3001KPI \u306e\u30e1\u30ea\u30c3\u30c8\u5024\u304c 10% \u5897\u52a0\u3057\u307e\u3057\u305f\u3002<\/p>\n                                                                            <div class=\"qodef-testimonials-author-holder clearfix\">\n                                                                    <div class=\"qodef-testimonial-image\">\n                                        <img width=\"80\" height=\"80\" src=\"https:\/\/promanage.com\/wp-content\/uploads\/2024\/06\/mefar-s.png\" class=\"attachment-80x80 size-80x80 wp-post-image\" alt=\"\" loading=\"lazy\" \/>                                    <\/div>\n                                                                <div class=\"qodef-testimonials-author-text-holder\">\n                                                                            <h5 class=\"qodef-testimonial-author\">\n                                            <span class=\"qodef-testimonials-author-name\">Seval Gunduz<\/span>\n                                        <\/h5>\n                                                                                                                <h5 class=\"qodef-testimonial-author-job\">\n                                            <span class=\"qodef-testimonials-author-job-name\">IT\u30de\u30cd\u30fc\u30b8\u30e3\u30fc<\/span>\n                                        <\/h5>\n                                                                    <\/div>\n                            <\/div>\n                                            <\/div>\n                <\/div>\n\n        \n                <div class=\"qodef-testimonial-content\" id=\"qodef-testimonials-6843\" style=\"background-color: #ffffff\">\n                    <div class=\"qodef-testimonial-text-holder\">\n                                                    <p class=\"qodef-testimonial-text\">ProManage \u3092\u4f7f\u7528\u3059\u308b\u524d\u306f\u3001\u4eca\u306e\u3088\u3046\u306b\u8a73\u7d30\u306a OEE \u5206\u6790\u3068\u30c0\u30a6\u30f3\u30bf\u30a4\u30e0 \u30ec\u30dd\u30fc\u30c8\u3092\u6e96\u5099\u3059\u308b\u3053\u3068\u306f\u3067\u304d\u307e\u305b\u3093\u3067\u3057\u305f\u3002\u3069\u3061\u3089\u306e\u30ec\u30dd\u30fc\u30c8\u3082\u6642\u9593\u304c\u304b\u304b\u308a\u3001\u6b63\u3057\u3044\u30c7\u30fc\u30bf\u3092\u53d6\u5f97\u3059\u308b\u306e\u304c\u56f0\u96e3\u3067\u3057\u305f\u3002\u30b7\u30b9\u30c6\u30e0\u3092\u5c0e\u5165\u3057\u3066\u304b\u3089\u306f\u3001\u30d1\u30c3\u30b1\u30fc\u30b8 \u30e9\u30a4\u30f3\u306e\u30d1\u30d5\u30a9\u30fc\u30de\u30f3\u30b9\u304c 10 \uff5e 15% \u5411\u4e0a\u3057\u307e\u3057\u305f\u3002<\/p>\n                                                                            <div class=\"qodef-testimonials-author-holder clearfix\">\n                                                                    <div class=\"qodef-testimonial-image\">\n                                        <img width=\"80\" height=\"80\" src=\"https:\/\/promanage.com\/wp-content\/uploads\/2024\/06\/Abdiibrahim-s.png\" class=\"attachment-80x80 size-80x80 wp-post-image\" alt=\"\" loading=\"lazy\" \/>                                    <\/div>\n                                                                <div class=\"qodef-testimonials-author-text-holder\">\n                                                                            <h5 class=\"qodef-testimonial-author\">\n                                            <span class=\"qodef-testimonials-author-name\">Mustafa Kemal Kiyak<\/span>\n                                        <\/h5>\n                                                                                                                <h5 class=\"qodef-testimonial-author-job\">\n                                            <span class=\"qodef-testimonials-author-job-name\">\u30aa\u30da\u30ec\u30fc\u30b7\u30e7\u30f3\u30a8\u30af\u30bb\u30ec\u30f3\u30b9\uff06\u30d7\u30ed\u30b8\u30a7\u30af\u30c8\u30b9\u30fc\u30d1\u30fc\u30d0\u30a4\u30b6\u30fc<\/span>\n                                        <\/h5>\n                                                                    <\/div>\n                            <\/div>\n                                            <\/div>\n                <\/div>\n\n        \n                <div class=\"qodef-testimonial-content\" id=\"qodef-testimonials-6855\" style=\"background-color: #ffffff\">\n                    <div class=\"qodef-testimonial-text-holder\">\n                                                    <p class=\"qodef-testimonial-text\">ProManage \u30b7\u30b9\u30c6\u30e0\u306f\u3001\u30ed\u30b8\u30c3\u30af\u3001\u30ec\u30dd\u30fc\u30c8 \u30b7\u30b9\u30c6\u30e0\u3001\u30c7\u30fc\u30bf\u53ce\u96c6\u65b9\u6cd5\u3001\u9069\u5207\u306a\u30a2\u30d7\u30ed\u30fc\u30c1\u306e\u70b9\u3067\u3001\u5f53\u793e\u306b\u3068\u3063\u3066\u6700\u3082\u8aac\u5f97\u529b\u306e\u3042\u308b\u30b7\u30b9\u30c6\u30e0\u3067\u3057\u305f\u3002\u3053\u306e\u30b7\u30b9\u30c6\u30e0\u306f\u5f53\u793e\u306e\u671f\u5f85\u4ee5\u4e0a\u306e\u30e1\u30ea\u30c3\u30c8\u304c\u3042\u308a\u3001\u5f93\u696d\u54e1\u306f\u30e6\u30fc\u30b6\u30fc \u30d5\u30ec\u30f3\u30c9\u30ea\u306a\u30a4\u30f3\u30bf\u30fc\u30d5\u30a7\u30a4\u30b9\u3068\u7121\u99c4\u306e\u306a\u3044\u30bd\u30ea\u30e5\u30fc\u30b7\u30e7\u30f3\u306b\u3088\u3063\u3066\u30b7\u30b9\u30c6\u30e0\u3092\u5bb9\u6613\u306b\u8a8d\u8b58\u3057\u307e\u3057\u305f\u3002\u30a8\u30f3\u30b8\u30cb\u30a2\u306f\u3001\u305d\u306e\u7d50\u679c\u3068\u3057\u3066\u591a\u304f\u306e\u751f\u7523\u6027\u30d7\u30ed\u30b8\u30a7\u30af\u30c8\u3092\u751f\u307f\u51fa\u3057\u307e\u3057\u305f\u3002\u3053\u306e\u30b7\u30b9\u30c6\u30e0\u306f\u3001OEE \u306e\u52b9\u679c\u7684\u306a\u30d5\u30a9\u30ed\u30fc\u30a2\u30c3\u30d7\u306e\u304a\u304b\u3052\u3067\u30011 \u5e74\u672a\u6e80\u3067\u7d44\u7e54\u306e\u751f\u7523\u6027\u3092 20% \u5411\u4e0a\u3055\u305b\u307e\u3057\u305f\u3002<\/p>\n                                                                            <div class=\"qodef-testimonials-author-holder clearfix\">\n                                                                    <div class=\"qodef-testimonial-image\">\n                                        <img width=\"80\" height=\"80\" src=\"https:\/\/promanage.com\/wp-content\/uploads\/2024\/06\/Nitto-s.png\" class=\"attachment-80x80 size-80x80 wp-post-image\" alt=\"\" loading=\"lazy\" \/>                                    <\/div>\n                                                                <div class=\"qodef-testimonials-author-text-holder\">\n                                                                            <h5 class=\"qodef-testimonial-author\">\n                                            <span class=\"qodef-testimonials-author-name\">Bahadir Bugrul<\/span>\n                                        <\/h5>\n                                                                                                                <h5 class=\"qodef-testimonial-author-job\">\n                                            <span class=\"qodef-testimonials-author-job-name\">\u30aa\u30da\u30ec\u30fc\u30b7\u30e7\u30f3\u30c7\u30a3\u30ec\u30af\u30bf\u30fc<\/span>\n                                        <\/h5>\n                                                                    <\/div>\n                            <\/div>\n                                            <\/div>\n                <\/div>\n\n            <\/div>\n<\/div>[\/vc_column][\/vc_row]<\/p>\n","protected":false},"excerpt":{"rendered":"<p>[vc_row][vc_column width=&#8221;1\/2&#038;#824 [&hellip;]<\/p>\n","protected":false},"author":1,"featured_media":0,"parent":0,"menu_order":0,"comment_status":"closed","ping_status":"closed","template":"","meta":{"inline_featured_image":false},"_links":{"self":[{"href":"https:\/\/promanage.com\/ja\/wp-json\/wp\/v2\/pages\/6838"}],"collection":[{"href":"https:\/\/promanage.com\/ja\/wp-json\/wp\/v2\/pages"}],"about":[{"href":"https:\/\/promanage.com\/ja\/wp-json\/wp\/v2\/types\/page"}],"author":[{"embeddable":true,"href":"https:\/\/promanage.com\/ja\/wp-json\/wp\/v2\/users\/1"}],"replies":[{"embeddable":true,"href":"https:\/\/promanage.com\/ja\/wp-json\/wp\/v2\/comments?post=6838"}],"version-history":[{"count":0,"href":"https:\/\/promanage.com\/ja\/wp-json\/wp\/v2\/pages\/6838\/revisions"}],"wp:attachment":[{"href":"https:\/\/promanage.com\/ja\/wp-json\/wp\/v2\/media?parent=6838"}],"curies":[{"name":"wp","href":"https:\/\/api.w.org\/{rel}","templated":true}]}}